{"id":883,"date":"2023-01-28T20:41:16","date_gmt":"2023-01-28T19:41:16","guid":{"rendered":"https:\/\/studentenphilharmonie.de\/?page_id=883"},"modified":"2023-03-04T03:00:17","modified_gmt":"2023-03-04T02:00:17","slug":"programm-sommersemester-2022","status":"publish","type":"page","link":"https:\/\/studentenphilharmonie.de\/index.php\/programmarchiv\/programm-sommersemester-2022\/","title":{"rendered":"Programm Sommersemester 2022"},"content":{"rendered":"\n<ul class=\"wp-block-list\">\n<li>Fr\u00e9d\u00e9ric Chopin: Konzert No. 2, Op. 21 in f-Moll, Solist: <a href=\"https:\/\/studentenphilharmonie.de\/index.php\/ueber-uns\/#Emre-Elivar\" data-type=\"page\" data-id=\"7\">Emre Elviar<\/a><\/li>\n<\/ul>\n\n\n\n<blockquote class=\"wp-block-quote is-layout-flow wp-block-quote-is-layout-flow\">\n<p>Das zweite Klavierkonzert entstand zwischen 1829 und 1830. Der <a href=\"https:\/\/de.wikipedia.org\/wiki\/Fr%C3%A9d%C3%A9ric_Chopin\" target=\"_blank\" rel=\"noopener\">Komponist<\/a> war bei der Fertigstellung erst 19 Jahre alt. Die heute gebr\u00e4uchliche <a href=\"https:\/\/de.wikipedia.org\/wiki\/Opus_(Werk)\" target=\"_blank\" rel=\"noopener\">Opuszahl<\/a> 21 wurde dem Werk lange nach der Ver\u00f6ffentlichung gegeben. Chopins sogenanntes <a href=\"https:\/\/de.wikipedia.org\/wiki\/1._Klavierkonzert_(Chopin)\" target=\"_blank\" rel=\"noopener\">1. Klavierkonzert e-Moll op.&nbsp;11<\/a> entstand trotz der niedrigeren Opuszahl nach diesem <a href=\"https:\/\/de.wikipedia.org\/wiki\/Moll_(Musik)\" target=\"_blank\" rel=\"noopener\">f-Moll<\/a>-Konzert. Chopin komponierte das Konzert unter dem Eindruck seiner ersten gro\u00dfen Liebe zur Operns\u00e4ngerin <a href=\"https:\/\/de.wikipedia.org\/w\/index.php?title=Konstancja_Gladkowska&amp;action=edit&amp;redlink=1\" target=\"_blank\" rel=\"noopener\">Konstancja Gladkowska<\/a>. Nach Fertigstellung widmete er das Konzert jedoch seiner sp\u00e4teren Liebe <a href=\"https:\/\/de.wikipedia.org\/wiki\/Delfina_Potocka\" target=\"_blank\" rel=\"noopener\">Delfina Potocka<\/a>. Das Konzert geh\u00f6rt zu den brillanten und <a href=\"https:\/\/de.wikipedia.org\/wiki\/Virtuosit%C3%A4t\" target=\"_blank\" rel=\"noopener\">Virtuosit\u00e4t<\/a> erfordernden Konzerten der <a href=\"https:\/\/de.wikipedia.org\/wiki\/Romantik_(Musik)\" target=\"_blank\" rel=\"noopener\">Romantik<\/a>.<\/p>\n<cite>Quelle: <a href=\"https:\/\/de.wikipedia.org\/wiki\/2._Klavierkonzert_(Chopin)\" target=\"_blank\" rel=\"noopener\">Wikipedia, 2. Klavierkonzert (Chopin)<\/a><\/cite><\/blockquote>\n\n\n\n<ul class=\"wp-block-list\">\n<li>Camille Saint-Saens: 3. Sinfonie, Op. 78 in c-Moll; Solist Orgel: Peter Kranefoed, Solist Klavier: <a href=\"https:\/\/studentenphilharmonie.de\/index.php\/ueber-uns\/#Emre-Elivar\" data-type=\"page\" data-id=\"7\">Emre Elviar<\/a><\/li>\n<\/ul>\n\n\n\n<blockquote class=\"wp-block-quote is-layout-flow wp-block-quote-is-layout-flow\">\n<p>Die <strong>3. Sinfonie<\/strong> in <a href=\"https:\/\/de.wikipedia.org\/wiki\/C-Moll\" target=\"_blank\" rel=\"noopener\">c-Moll<\/a>, <a href=\"https:\/\/de.wikipedia.org\/wiki\/Opus_(Werk)\" target=\"_blank\" rel=\"noopener\">op. 78<\/a>, auch <strong>Orgelsinfonie<\/strong> genannt, ist ein Werk f\u00fcr <a href=\"https:\/\/de.wikipedia.org\/wiki\/Orchester\" target=\"_blank\" rel=\"noopener\">Orchester<\/a> und <a href=\"https:\/\/de.wikipedia.org\/wiki\/Orgel\" target=\"_blank\" rel=\"noopener\">Orgel<\/a> des franz\u00f6sischen Komponisten <a href=\"https:\/\/de.wikipedia.org\/wiki\/Camille_Saint-Sa%C3%ABns\" target=\"_blank\" rel=\"noopener\">Camille Saint-Sa\u00ebns<\/a>. Es ist ein Auftragswerk der <a href=\"https:\/\/de.wikipedia.org\/wiki\/Royal_Philharmonic_Society\" target=\"_blank\" rel=\"noopener\">Royal Philharmonic Society<\/a> London, wo es unter der Leitung des Komponisten am 19. Mai 1886 uraufgef\u00fchrt wurde.<sup><a href=\"https:\/\/de.wikipedia.org\/wiki\/3._Sinfonie_(Saint-Sa%C3%ABns)#cite_note-1\" target=\"_blank\" rel=\"noopener\">[1]<\/a><\/sup><\/p>\n\n\n\n<p>Die <a href=\"https:\/\/de.wikipedia.org\/wiki\/Sinfonie\" target=\"_blank\" rel=\"noopener\">Sinfonie<\/a> wurde in den Jahren 1885 und 1886 komponiert und dem Komponisten <a href=\"https:\/\/de.wikipedia.org\/wiki\/Franz_Liszt\" target=\"_blank\" rel=\"noopener\">Franz Liszt<\/a> gewidmet, den Saint-Sa\u00ebns pers\u00f6nlich kannte. Saint-Sa\u00ebns schrieb die Sinfonie 27 Jahre nach ihrer Vorg\u00e4ngerin, der <a href=\"https:\/\/de.wikipedia.org\/wiki\/2._Sinfonie_(Saint-Sa%C3%ABns)\" target=\"_blank\" rel=\"noopener\">2. Sinfonie<\/a>. Neben den Sinfonien mit den Titeln &#8222;1.&#8220;, &#8222;2.&#8220;, &#8222;3. Sinfonie&#8220; gibt es von ihm noch die &#8222;Sinfonie in A-Dur&#8220; und die &#8222;Sinfonie in F-Dur &#8218;Urbs Romana'&#8220;. Von diesen insgesamt 5 ist die Orgelsinfonie die letzte. Das Werk besteht aus zwei S\u00e4tzen, der Komponist schrieb allerdings hierzu, obwohl sie \u201e&#8230;in zwei S\u00e4tze unterteilt ist, beh\u00e4lt sie im Prinzip die traditionelle Viers\u00e4tzigkeit bei, dabei dient der erste Satz, der in der Durchf\u00fchrung abbricht, als Einleitung zum <em>Adagio<\/em>, und auf dieselbe Weise ist das <em>Scherzo<\/em> mit dem <em>Finale<\/em> verkn\u00fcpft.\u201c<sup><a href=\"https:\/\/de.wikipedia.org\/wiki\/3._Sinfonie_(Saint-Sa%C3%ABns)#cite_note-2\" target=\"_blank\" rel=\"noopener\">[2]<\/a><\/sup> Eine Auff\u00fchrung der Sinfonie dauert in der Regel zwischen 35 und 40 Minuten. Er selbst schrieb zur Sinfonie: \u201eHier habe ich alles gegeben, was ich geben konnte&#8230; so etwas wie dieses Werk werde ich nie wieder schreiben.\u201c<sup><a href=\"https:\/\/de.wikipedia.org\/wiki\/3._Sinfonie_(Saint-Sa%C3%ABns)#cite_note-:0-3\" target=\"_blank\" rel=\"noopener\">[3]<\/a><\/sup> Die von ihm urspr\u00fcnglich vorgesehene Tonart war h-moll, die Sinfonie sei ihm aber &#8222;einen halben Ton nach oben gerutscht.&#8220;<sup><a href=\"https:\/\/de.wikipedia.org\/wiki\/3._Sinfonie_(Saint-Sa%C3%ABns)#cite_note-4\" target=\"_blank\" rel=\"noopener\">[4]<\/a><\/sup><\/p>\n<cite>Quelle: <a href=\"https:\/\/de.wikipedia.org\/wiki\/3._Sinfonie_(Saint-Sa%C3%ABns)\" target=\"_blank\" rel=\"noopener\">Wikipedia, 3. Sinfonie (Saint-Sa\u00ebns)<\/a><\/cite><\/blockquote>\n\n\n\n<ul class=\"wp-block-list\">\n<li>Georgios Sfyridis: Miniatura 1: Prelude, Miniatura 2: Naked King, Urauff\u00fchrung<\/li>\n<\/ul>\n\n\n\n<div class=\"wp-block-buttons is-layout-flex wp-block-buttons-is-layout-flex\">\n<div class=\"wp-block-button\"><a class=\"wp-block-button__link wp-element-button\" href=\"https:\/\/studentenphilharmonie.de\/index.php\/programmarchiv\/\">Programmarchiv vergangener Konzerte<\/a><\/div>\n<\/div>\n\n\n\n<div style=\"height:45px\" aria-hidden=\"true\" class=\"wp-block-spacer\"><\/div>\n\n\n<div class=\"wp-block-image\">\n<figure class=\"aligncenter size-large\"><img loading=\"lazy\" decoding=\"async\" width=\"728\" height=\"1024\" src=\"https:\/\/studentenphilharmonie.de\/wp-content\/uploads\/2023\/03\/Sommerkonzert-2022-Studphil-online-728x1024.jpg\" alt=\"\" class=\"wp-image-986\" srcset=\"https:\/\/studentenphilharmonie.de\/wp-content\/uploads\/2023\/03\/Sommerkonzert-2022-Studphil-online-728x1024.jpg 728w, https:\/\/studentenphilharmonie.de\/wp-content\/uploads\/2023\/03\/Sommerkonzert-2022-Studphil-online-scaled-600x843.jpg 600w, https:\/\/studentenphilharmonie.de\/wp-content\/uploads\/2023\/03\/Sommerkonzert-2022-Studphil-online-213x300.jpg 213w, https:\/\/studentenphilharmonie.de\/wp-content\/uploads\/2023\/03\/Sommerkonzert-2022-Studphil-online-768x1080.jpg 768w, https:\/\/studentenphilharmonie.de\/wp-content\/uploads\/2023\/03\/Sommerkonzert-2022-Studphil-online-1093x1536.jpg 1093w, https:\/\/studentenphilharmonie.de\/wp-content\/uploads\/2023\/03\/Sommerkonzert-2022-Studphil-online-1457x2048.jpg 1457w, https:\/\/studentenphilharmonie.de\/wp-content\/uploads\/2023\/03\/Sommerkonzert-2022-Studphil-online-1320x1856.jpg 1320w, https:\/\/studentenphilharmonie.de\/wp-content\/uploads\/2023\/03\/Sommerkonzert-2022-Studphil-online-scaled.jpg 1821w\" sizes=\"auto, (max-width: 728px) 100vw, 728px\" \/><\/figure>\n<\/div>","protected":false},"excerpt":{"rendered":"<p>Das zweite Klavierkonzert entstand zwischen 1829 und 1830. Der Komponist war bei der Fertigstellung erst 19 Jahre alt. Die heute gebr\u00e4uchliche Opuszahl 21 wurde dem Werk lange nach der Ver\u00f6ffentlichung gegeben. Chopins sogenanntes 1. Klavierkonzert e-Moll op.&nbsp;11 entstand trotz der niedrigeren Opuszahl nach diesem f-Moll-Konzert. Chopin komponierte das Konzert unter dem Eindruck seiner ersten gro\u00dfen Liebe zur Operns\u00e4ngerin Konstancja Gladkowska. Nach Fertigstellung widmete er das Konzert jedoch seiner sp\u00e4teren Liebe Delfina Potocka. Das Konzert geh\u00f6rt zu den brillanten und Virtuosit\u00e4t erfordernden Konzerten der Romantik. Quelle: Wikipedia, 2. Klavierkonzert (Chopin) Die 3. Sinfonie in c-Moll, op. 78, auch Orgelsinfonie genannt, ist ein Werk f\u00fcr Orchester und Orgel des franz\u00f6sischen Komponisten Camille Saint-Sa\u00ebns. Es ist ein Auftragswerk der Royal Philharmonic Society London, wo es unter der Leitung des Komponisten am 19. Mai 1886 uraufgef\u00fchrt wurde.[1] Die Sinfonie wurde in den Jahren 1885 und 1886 komponiert und dem Komponisten Franz Liszt gewidmet, den&hellip;<\/p>\n<p> <a class=\"more-link\" href=\"https:\/\/studentenphilharmonie.de\/index.php\/programmarchiv\/programm-sommersemester-2022\/\">Weiterlesen<\/a><\/p>\n","protected":false},"author":20,"featured_media":572,"parent":870,"menu_order":0,"comment_status":"closed","ping_status":"closed","template":"","meta":{"_acf_changed":false,"footnotes":""},"class_list":["post-883","page","type-page","status-publish","has-post-thumbnail"],"acf":[],"_links":{"self":[{"href":"https:\/\/studentenphilharmonie.de\/index.php\/wp-json\/wp\/v2\/pages\/883","targetHints":{"allow":["GET"]}}],"collection":[{"href":"https:\/\/studentenphilharmonie.de\/index.php\/wp-json\/wp\/v2\/pages"}],"about":[{"href":"https:\/\/studentenphilharmonie.de\/index.php\/wp-json\/wp\/v2\/types\/page"}],"author":[{"embeddable":true,"href":"https:\/\/studentenphilharmonie.de\/index.php\/wp-json\/wp\/v2\/users\/20"}],"replies":[{"embeddable":true,"href":"https:\/\/studentenphilharmonie.de\/index.php\/wp-json\/wp\/v2\/comments?post=883"}],"version-history":[{"count":8,"href":"https:\/\/studentenphilharmonie.de\/index.php\/wp-json\/wp\/v2\/pages\/883\/revisions"}],"predecessor-version":[{"id":991,"href":"https:\/\/studentenphilharmonie.de\/index.php\/wp-json\/wp\/v2\/pages\/883\/revisions\/991"}],"up":[{"embeddable":true,"href":"https:\/\/studentenphilharmonie.de\/index.php\/wp-json\/wp\/v2\/pages\/870"}],"wp:featuredmedia":[{"embeddable":true,"href":"https:\/\/studentenphilharmonie.de\/index.php\/wp-json\/wp\/v2\/media\/572"}],"wp:attachment":[{"href":"https:\/\/studentenphilharmonie.de\/index.php\/wp-json\/wp\/v2\/media?parent=883"}],"curies":[{"name":"wp","href":"https:\/\/api.w.org\/{rel}","templated":true}]}}