{"id":279,"date":"2022-10-02T05:03:50","date_gmt":"2022-10-02T03:03:50","guid":{"rendered":"http:\/\/localhost\/studphil\/?page_id=279"},"modified":"2025-02-03T01:47:22","modified_gmt":"2025-02-03T00:47:22","slug":"presse","status":"publish","type":"page","link":"https:\/\/studentenphilharmonie.de\/index.php\/presse\/","title":{"rendered":"Presse"},"content":{"rendered":"\n<p>Nachfolgend finden sich einige Pressestimmen zu unseren Konzerten.<\/p>\n\n\n\n<h2 class=\"wp-block-heading\">Januar 2025<\/h2>\n\n\n\n<p>Achim Stricker vom Schw\u00e4bischen Tagblatt schrieb \u00fcber das <a href=\"https:\/\/studentenphilharmonie.de\/index.php\/programmarchiv\/programm-wintersemester-2024-2025\/\" target=\"_blank\" data-type=\"page\" data-id=\"2442\" rel=\"noreferrer noopener\">Winterkonzert<\/a>:<\/p>\n\n\n\n<blockquote class=\"wp-block-quote is-layout-flow wp-block-quote-is-layout-flow\">\n<p><strong>Die Studentenphilharmonie begeisterte die 550 Zuh\u00f6rer im T\u00fcbinger Uni-Festsaal mit Tschaikowsky<\/strong><\/p>\n\n\n\n<p>Lambis Vassiliadis, [&#8230;] Professor an der Ionischen Universit\u00e4t von Korfu [im Fach Klavier, A.d.R.], ein gro\u00dfartiger Tschaikowsky-Interpret [&#8230;]: leidenschaftlich, schw\u00e4rmerisch. Hier die mit langem Atem aufgestaute und zuletzt \u00fcberw\u00e4ltigend eskalierende Ekstase, bei der Solo-Part und Orchester synergetisch ineinandergriffen, mit Perlglanz und brillantem Diskantfeuer auf dem Steinway, durchf\u00fchlt und durchlebt.<br>Dort das tr\u00e4umerisch versunkene Andante mit innig sch\u00f6nem Liebesduett von Violine und Cello [&#8230;]. <strong>Eins der hinrei\u00dfendsten Studphil-Konnzerte der letzten Jahre.<\/strong> <\/p>\n\n\n\n<p>Auch Tschaikowskys 5. Symphonie nach der Pause begeisterte mit schwelgerischer Hingabe und weitgespannten Entwicklungsb\u00f6gen. Eine aktuell 55-k\u00f6pfige, sehr ausgewogene und kollegial musizierende Besetzung mit durchh\u00f6rbar samtigem Streicherklang. Seelenvoll das Andante mit gesanglichem Horn-Solo und nachdenklich sinniereden tiefen Streichern. Rauschhafte Momente im [&#8230;] triumphalen Finale, ein unerm\u00fcdlich energetsiche Klangsog bis in die Schlussakkorde hinein.<\/p>\n<cite><em>Schw\u00e4bisches Tagblatt, Achim Stricker. 27.01.2025<\/em><\/cite><\/blockquote>\n\n\n\n<h2 class=\"wp-block-heading\">Juli 2024<\/h2>\n\n\n\n<p>Achim Stricker vom Schw\u00e4bischen Tagblatt schrieb \u00fcber das <a href=\"https:\/\/studentenphilharmonie.de\/index.php\/programmarchiv\/programm-sommersemester-2024\/\" data-type=\"page\" data-id=\"2442\">Sommerkonzert<\/a>:<\/p>\n\n\n\n<blockquote class=\"wp-block-quote is-layout-flow wp-block-quote-is-layout-flow\">\n<p>Die Semesterabschluss-Konzerte der Studentenphilharmonie sind immer auch ein Fest: begeisterungsfreudig mitfiebernde Stimmung, Beifallsjubel, ein buntes, gro\u00dfteils junges Publikum. <strong>Der Uni-Festsaal war am Donnerstag mit 650 Zuh\u00f6rern fast voll besetzt<\/strong> [&#8230;].<\/p>\n\n\n\n<p>[&#8230;] eingangs die Ouvert\u00fcre zu Shakespeares &#8222;Othello&#8220; [&#8230;]. Eindrucksvoll waren die Kulminationen mit Paukendonner und Blech. [&#8230;]<\/p>\n\n\n\n<p>Danach Tschaikowskys Violinkonzert mit der T\u00fcbingerin Martina Trumpp: virtuoses Temperament und sorgf\u00e4ltige Pr\u00e4zision, souver\u00e4ne Tonbeherrschung und ausgewogene Timbrierung. [&#8230;] Nachdenklich sch\u00f6n der Canzonetta-Mittelsatz, die melancholische Violin-Melodie umspielt von Holzbl\u00e4sern, das Horn einsam klagend \u00fcber ged\u00e4mpften Streichern. Nach dem ausgelassenen hakenschlagenden Finale wurde Trumpp gefeiert. [&#8230;]<\/p>\n\n\n\n<p>Zu Dvoraks Symphonie &#8222;Aus der neuen Welt&#8220; [&#8230;]. Melodienbeschwingte Klangwellen und mitrei\u00dfende Tutti-Eskalationen. Elegisch sch\u00f6n das Englischhorn-Solo im Largo.<\/p>\n<cite>Schw\u00e4bisches Tagblatt, Achim Stricker. 13.07.2024<\/cite><\/blockquote>\n\n\n\n<p>Gabriele B\u00f6hm vom Reutlinger General-Anzeiger schrieb \u00fcber das <a href=\"https:\/\/studentenphilharmonie.de\/index.php\/programmarchiv\/programm-sommersemester-2024\/\" data-type=\"page\" data-id=\"2442\">Sommerkonzert<\/a>:<\/p>\n\n\n\n<blockquote class=\"wp-block-quote is-layout-flow wp-block-quote-is-layout-flow\">\n<p>Bekanntes, seltener Gespieltes und eine Urauff\u00fchung bekam das Publikum beim anspruchsvollen Sommerkonzert der Studentenphilharmonie T\u00fcbingen [&#8230;] geboten. [&#8230;] Am Ende gab es stehende Ovationen, die zeigten, dass sich das Orchester [&#8230;] neue Freunde erworben hat. Die Philharmonie [&#8230;] agierte geschmeidig und sehr gut aufeinander abgestimmt.<\/p>\n<cite>Reutlinger General-Anzeiger, <a href=\"https:\/\/www.gabrieleb\u00f6hm.de\/\" target=\"_blank\" rel=\"noreferrer noopener\">Dr. Gabriele B\u00f6hm<\/a>. 14.07.2024<\/cite><\/blockquote>\n\n\n\n<figure class=\"wp-block-image size-large\"><a href=\"https:\/\/www.gabrieleb\u00f6hm.de\/\" target=\"_blank\" rel=\"noreferrer noopener\"><img loading=\"lazy\" decoding=\"async\" width=\"1024\" height=\"683\" src=\"https:\/\/studentenphilharmonie.de\/wp-content\/uploads\/2024\/07\/Trumpp-1-1024x683.jpg\" alt=\"\" class=\"wp-image-2427\" srcset=\"https:\/\/studentenphilharmonie.de\/wp-content\/uploads\/2024\/07\/Trumpp-1-1024x683.jpg 1024w, https:\/\/studentenphilharmonie.de\/wp-content\/uploads\/2024\/07\/Trumpp-1-300x200.jpg 300w, https:\/\/studentenphilharmonie.de\/wp-content\/uploads\/2024\/07\/Trumpp-1-768x512.jpg 768w, https:\/\/studentenphilharmonie.de\/wp-content\/uploads\/2024\/07\/Trumpp-1-1536x1024.jpg 1536w, https:\/\/studentenphilharmonie.de\/wp-content\/uploads\/2024\/07\/Trumpp-1-2048x1365.jpg 2048w, https:\/\/studentenphilharmonie.de\/wp-content\/uploads\/2024\/07\/Trumpp-1-1320x880.jpg 1320w\" sizes=\"auto, (max-width: 1024px) 100vw, 1024px\" \/><\/a><figcaption class=\"wp-element-caption\">Foto: <a href=\"https:\/\/www.gabrieleb\u00f6hm.de\/\" target=\"_blank\" rel=\"noreferrer noopener\">Dr. Gabriele B\u00f6hm<\/a>, Reutlinger General-Anzeiger. <\/figcaption><\/figure>\n\n\n\n<h2 class=\"wp-block-heading\">Januar 2024<\/h2>\n\n\n\n<p>Achim Stricker vom Schw\u00e4bischen Tagblatt schrieb \u00fcber das <a href=\"https:\/\/studentenphilharmonie.de\/index.php\/programmarchiv\/programm-wintersemester-2023-2024\/\" data-type=\"page\" data-id=\"2156\">Winterkonzert<\/a>:<\/p>\n\n\n\n<blockquote class=\"wp-block-quote is-layout-flow wp-block-quote-is-layout-flow\">\n<p>[&#8230;] Riesiger Beifall der 500 Zuh\u00f6rer f\u00fcr Rimski-Korsakows &#8222;Scheherazade&#8220;. Die 70-k\u00f6pfige Studphil mit vollem Einsatz. Den kr\u00e4ftigsten Applaus des Abends erntete Konzertmeister Sebastian Fetzer f\u00fcr seine grandiosen Violin-Soli. Bemerkenswert professionell die vielv\u00e4ltigen Holzbl\u00e4ser-Soli, mitrei\u00dfend das volle Blech samt Tuba. [&#8230;]<\/p>\n<cite>Schw\u00e4bisches Tagblatt, Achim Stricker. 27.01.2024<\/cite><\/blockquote>\n\n\n\n<h2 class=\"wp-block-heading\">Juli 2023<\/h2>\n\n\n\n<div class=\"wp-block-group\"><div class=\"wp-block-group__inner-container is-layout-constrained wp-block-group-is-layout-constrained\">\n<p>Achim Stricker vom Schw\u00e4bischen Tagblatt schrieb \u00fcber das <a href=\"https:\/\/studentenphilharmonie.de\/index.php\/programmarchiv\/programm-sommersemester-2023\/\" data-type=\"page\" data-id=\"1768\">Sommerkonzert<\/a>:<\/p>\n\n\n\n<blockquote class=\"wp-block-quote is-layout-flow wp-block-quote-is-layout-flow\">\n<p>[&#8230;] Ein h\u00fcbsches Intermezzo war Yannis Constantinidis&#8216; &#8222;Dodekanesische Suite Nr. 1&#8220; [&#8230;]. Impressionistisch verfeinerte Volksmelodien, die vor allem durch die \u00e4sthetischen Instrumentalfarben gewannen. Eine mediterran durchsonnte Farbpalette, schillernde Lichtt\u00f6ne von Harfe, Triangel und Klavier. [&#8230;]<\/p>\n<cite>Schw\u00e4bisches Tagblatt, Achim Stricker. 15.07.2023<\/cite><\/blockquote>\n\n\n\n<blockquote class=\"wp-block-quote is-layout-flow wp-block-quote-is-layout-flow\">\n<p>[&#8230;] Schicksalhafter Donner auf acht Pauken. Die retardierenden Momente riskant langsam, aber immer unter Spannung. Dann der gro\u00dfe Durchbruch &#8211; und da war es wieder, das klanggewaltige gemeinschaftliche &#8222;Studphil-Tutti&#8220;. Der strahelnde Schlussakkord halte noch sekundenlang im Saal nach.<\/p>\n<cite>Schw\u00e4bisches Tagblatt, Achim Stricker. 15.07.2023<\/cite><\/blockquote>\n<\/div><\/div>\n\n\n\n<div class=\"wp-block-group\"><div class=\"wp-block-group__inner-container is-layout-constrained wp-block-group-is-layout-constrained\">\n<p>Rahel Sartorius von <a href=\"https:\/\/www.kupferblau.de\/2023\/07\/15\/von-suiten-und-sinfonien-klangvielfalt-beim-sommerkonzert-der-tuebinger-studentenphilharmonie\/\" target=\"_blank\" rel=\"noopener\">Kupferblau &#8211; Das Campusmagazin<\/a> schrieb \u00fcber das <a href=\"https:\/\/studentenphilharmonie.de\/index.php\/programmarchiv\/programm-sommersemester-2023\/\" data-type=\"page\" data-id=\"1768\">Sommerkonzert<\/a>:<\/p>\n\n\n\n<blockquote class=\"wp-block-quote is-layout-flow wp-block-quote-is-layout-flow\">\n<p><strong>Sehnsuchtsvolle Kl\u00e4nge im ganzen Raum<\/strong><\/p>\n\n\n\n<p>[&#8230;] Sanft untermauert das Orchester die zarten T\u00f6ne des Solisten [und Arrangeurs Antonis Sousamoglou, Anmerkung der Redaktion] und l\u00e4sst die Zuh\u00f6rer*innen an einer ganz besonderen musikalischen Intensit\u00e4t teilhaben.<\/p>\n\n\n\n<p><strong>Der Titan des Abends<\/strong><\/p>\n\n\n\n<p>[&#8230;] Die \u201e1. Sinfonie in D-Dur\u201c von Gustav Mahler (1860-1911) tr\u00e4gt den Beinamen \u201eTitan\u201c und dieser Titel ist Programm. Knapp eine Stunde und eine umfangreiche Besetzung verschiedener Instrumente umfasst die in vier S\u00e4tze gegliederte Sinfonie. Mit Mahlers Werk erz\u00e4hlt das Orchester eine Geschichte, dabei pr\u00e4sentieren sie eine maximale Klangvielfalt, in der die einzelnen Instrumentenregister auf ihre Kosten kommen. Seien es Taktphasen, in denen nur eine einzelne Oboe spielt oder die Gruppe zu einem wogenden Fortissimo ansetzt, Tonqualit\u00e4t und Emotion soll auf direktem Weg die Zuh\u00f6rerschaft erreichen. Dazu greifen die Musiker*innen zu allen Mitteln und verlassen, um den Klang einer entfernten Trompetenfanfahre zu simulieren, auch gerne einmal den Raum und spielen ihre Einw\u00fcrfe von Au\u00dferhalb. Diese Motivation zieht sich bis zum feierlichen Finale des Konzertes durch. Als die letzten Takte eingeleitet werden, stehen die sieben Hornist*innen auf und erheben ihre hymnenartige Melodie \u00fcber das brausende restliche Orchester. Die Studentenphilharmonie bietet damit ein wirkungsvolles Schlussbild und empf\u00e4ngt jubelnden Applaus.<\/p>\n<cite>Kupferblau, Von Suiten und Sinfonien \u2013 Klangvielfalt beim Sommerkonzert der T\u00fcbinger Studentenphilharmonie. <a href=\"https:\/\/www.kupferblau.de\/2023\/07\/15\/von-suiten-und-sinfonien-klangvielfalt-beim-sommerkonzert-der-tuebinger-studentenphilharmonie\/\" target=\"_blank\" rel=\"noopener\">https:\/\/www.kupferblau.de\/2023\/07\/15\/von-suiten-und-sinfonien-klangvielfalt-beim-sommerkonzert-der-tuebinger-studentenphilharmonie\/<\/a> [Abgerufen: 17.07.2023]<\/cite><\/blockquote>\n<\/div><\/div>\n\n\n\n<h2 class=\"wp-block-heading\">Januar 2022<\/h2>\n\n\n\n<blockquote class=\"wp-block-quote is-layout-flow wp-block-quote-is-layout-flow\">\n<p>Am 20. Januar 2022 ist mein erstes Werk f\u00fcr gro\u00dfes Orchester von der Studentenphilharmonie T\u00fcbingen unter der Leitung von Symeon Ioannidis uraufgef\u00fchrt worden. Die Auflagen der Coronapandemie verhinderten ein Konzert direkt in T\u00fcbingen, aber in der Stuttgarter Paul-Gerhardt-Kirche konnte es in verk\u00fcrzter Form stattfinden.<\/p>\n\n\n\n<p>Das Orchester gab \u00bbSigurd Jorsalfar\u00ab op. 56 von Edvard Grieg und die 100. Sinfonie G-Dur (Milit\u00e4rsinfonie) von Joseph Haydn. Dazwischen erklang die Urauff\u00fchrung meines St\u00fccks \u00bbmenhir\u00ab.<\/p>\n\n\n\n<p>Im Rahmen des Konzerts wurde das St\u00fcck mit dem \u00bbPhilharmonie Kompositionspreis\u00ab der Universit\u00e4t T\u00fcbingen ausgezeichnet, der jedes Semester zur F\u00f6rderung junger Musiker ausgeschrieben wird.<\/p>\n<cite>Daniel Huschert, Kompositionspreis f\u00fcr \u00bbmenhir\u00ab. <a href=\"https:\/\/danielhuschert.de\/de\/2022\/02\/\" target=\"_blank\" rel=\"noopener\">https:\/\/danielhuschert.de\/de\/2022\/02\/<\/a> [Abgerufen: 02.10.2022]<\/cite><\/blockquote>\n","protected":false},"excerpt":{"rendered":"<p>Nachfolgend finden sich einige Pressestimmen zu unseren Konzerten. Januar 2025 Achim Stricker vom Schw\u00e4bischen Tagblatt schrieb \u00fcber das Winterkonzert: Die Studentenphilharmonie begeisterte die 550 Zuh\u00f6rer im T\u00fcbinger Uni-Festsaal mit Tschaikowsky Lambis Vassiliadis, [&#8230;] Professor an der Ionischen Universit\u00e4t von Korfu [im Fach Klavier, A.d.R.], ein gro\u00dfartiger Tschaikowsky-Interpret [&#8230;]: leidenschaftlich, schw\u00e4rmerisch. Hier die mit langem Atem aufgestaute und zuletzt \u00fcberw\u00e4ltigend eskalierende Ekstase, bei der Solo-Part und Orchester synergetisch ineinandergriffen, mit Perlglanz und brillantem Diskantfeuer auf dem Steinway, durchf\u00fchlt und durchlebt.Dort das tr\u00e4umerisch versunkene Andante mit innig sch\u00f6nem Liebesduett von Violine und Cello [&#8230;]. Eins der hinrei\u00dfendsten Studphil-Konnzerte der letzten Jahre. Auch Tschaikowskys 5. Symphonie nach der Pause begeisterte mit schwelgerischer Hingabe und weitgespannten Entwicklungsb\u00f6gen. Eine aktuell 55-k\u00f6pfige, sehr ausgewogene und kollegial musizierende Besetzung mit durchh\u00f6rbar samtigem Streicherklang. Seelenvoll das Andante mit gesanglichem Horn-Solo und nachdenklich sinniereden tiefen Streichern. Rauschhafte Momente im [&#8230;] triumphalen Finale, ein unerm\u00fcdlich energetsiche Klangsog bis in die&hellip;<\/p>\n<p> <a class=\"more-link\" href=\"https:\/\/studentenphilharmonie.de\/index.php\/presse\/\">Weiterlesen<\/a><\/p>\n","protected":false},"author":1,"featured_media":371,"parent":0,"menu_order":0,"comment_status":"closed","ping_status":"closed","template":"","meta":{"_acf_changed":false,"footnotes":""},"class_list":["post-279","page","type-page","status-publish","has-post-thumbnail"],"acf":[],"_links":{"self":[{"href":"https:\/\/studentenphilharmonie.de\/index.php\/wp-json\/wp\/v2\/pages\/279","targetHints":{"allow":["GET"]}}],"collection":[{"href":"https:\/\/studentenphilharmonie.de\/index.php\/wp-json\/wp\/v2\/pages"}],"about":[{"href":"https:\/\/studentenphilharmonie.de\/index.php\/wp-json\/wp\/v2\/types\/page"}],"author":[{"embeddable":true,"href":"https:\/\/studentenphilharmonie.de\/index.php\/wp-json\/wp\/v2\/users\/1"}],"replies":[{"embeddable":true,"href":"https:\/\/studentenphilharmonie.de\/index.php\/wp-json\/wp\/v2\/comments?post=279"}],"version-history":[{"count":18,"href":"https:\/\/studentenphilharmonie.de\/index.php\/wp-json\/wp\/v2\/pages\/279\/revisions"}],"predecessor-version":[{"id":2719,"href":"https:\/\/studentenphilharmonie.de\/index.php\/wp-json\/wp\/v2\/pages\/279\/revisions\/2719"}],"wp:featuredmedia":[{"embeddable":true,"href":"https:\/\/studentenphilharmonie.de\/index.php\/wp-json\/wp\/v2\/media\/371"}],"wp:attachment":[{"href":"https:\/\/studentenphilharmonie.de\/index.php\/wp-json\/wp\/v2\/media?parent=279"}],"curies":[{"name":"wp","href":"https:\/\/api.w.org\/{rel}","templated":true}]}}