{"id":257,"date":"2022-10-02T04:30:06","date_gmt":"2022-10-02T02:30:06","guid":{"rendered":"http:\/\/localhost\/studphil\/?page_id=257"},"modified":"2026-02-17T01:37:18","modified_gmt":"2026-02-17T00:37:18","slug":"mitspielen","status":"publish","type":"page","link":"https:\/\/studentenphilharmonie.de\/index.php\/mitspielen\/","title":{"rendered":"Mitspielen"},"content":{"rendered":"\n<div class=\"wp-block-group\"><div class=\"wp-block-group__inner-container is-layout-constrained wp-block-group-is-layout-constrained\">\n<h2 class=\"wp-block-heading\">Verst\u00e4rkung gesucht f\u00fcr das Sommersemester 2026<\/h2>\n\n\n\n<p>F\u00fcr das kommende Semester suchen wir Verst\u00e4rkung. Bei den <strong>Bl\u00e4sern <\/strong>ist <strong>eine Posaune<\/strong> neu zu besetzen. Bei den <strong>Streicher<\/strong> suchen wir neue Mitspieler:innen insbesondere bei den <strong>Bratschen<\/strong> und <strong>Kontrab\u00e4ssen<\/strong>, aber auch bei <strong>Violinen <\/strong>und<strong>Celli<\/strong>.<\/p>\n\n\n<div class=\"wp-block-image d-none\">\n<figure class=\"aligncenter size-large\"><img loading=\"lazy\" decoding=\"async\" width=\"730\" height=\"1024\" src=\"https:\/\/studentenphilharmonie.de\/wp-content\/uploads\/2024\/09\/IMG-20240917-WA0000-730x1024.jpg\" alt=\"Mitspieler gesucht\" class=\"wp-image-2505\" srcset=\"https:\/\/studentenphilharmonie.de\/wp-content\/uploads\/2024\/09\/IMG-20240917-WA0000-730x1024.jpg 730w, https:\/\/studentenphilharmonie.de\/wp-content\/uploads\/2024\/09\/IMG-20240917-WA0000-214x300.jpg 214w, https:\/\/studentenphilharmonie.de\/wp-content\/uploads\/2024\/09\/IMG-20240917-WA0000-768x1078.jpg 768w, https:\/\/studentenphilharmonie.de\/wp-content\/uploads\/2024\/09\/IMG-20240917-WA0000-1094x1536.jpg 1094w, https:\/\/studentenphilharmonie.de\/wp-content\/uploads\/2024\/09\/IMG-20240917-WA0000-1459x2048.jpg 1459w, https:\/\/studentenphilharmonie.de\/wp-content\/uploads\/2024\/09\/IMG-20240917-WA0000-1320x1853.jpg 1320w, https:\/\/studentenphilharmonie.de\/wp-content\/uploads\/2024\/09\/IMG-20240917-WA0000.jpg 1824w\" sizes=\"auto, (max-width: 730px) 100vw, 730px\" \/><\/figure>\n<\/div>\n\n\n<div class=\"d-none\">\nF\u00fcr das kommende Semester suchen wir Verst\u00e4rkung in allen Stimmgruppen, insbesondere bei den Violinen, Bratschen, Celli und Kontrab\u00e4ssen.\n<\/div>\n\n\n\n<div class=\"d-none\">\nF\u00fcr das kommende Semester suchen wir bei den Streichern Verst\u00e4rkung in allen Stimmgruppen, insbesondere bei den Bratschen und Kontrab\u00e4ssen aber auch bei den Geigen. \n<\/div>\n<\/div><\/div>\n\n\n\n<h2 class=\"wp-block-heading\">Lust mitzuspielen? <\/h2>\n\n\n\n<p>Die Studentenphilharmonie freut sich immer \u00fcber neue Mitglieder! Schick uns einfach eine E-Mail an <a href=\"mailto:mitspielen@studentenphilharmonie.de\"><strong>mitspielen@studentenphilharmonie.de<\/strong><\/a>, um einen Vorspieltermin auszumachen. Ein kurzes <strong>Vorspiel<\/strong> soll uns helfen, das jeweilige instrumentale Niveau in Bezug auf das oft anspruchsvolle Programm einsch\u00e4tzen zu k\u00f6nnen. Die Vorspiele finden immer zu Beginn des Semesters kurz vor der Kennenlernprobe statt.<\/p>\n\n\n\n<p><strong>Wie laufen die Vorspiele ab? <\/strong><\/p>\n\n\n\n<ul class=\"wp-block-list\">\n<li><strong>Streicher<\/strong>: Bitte bereite ein kurzes Solo-St\u00fcck deiner Wahl&nbsp;vor (z.B. einen Satz aus einer Suite oder Et\u00fcde).<\/li>\n\n\n\n<li><strong>Bl\u00e4ser:<\/strong> Bitte bringe ebenfalls ein St\u00fcck deiner Wahl mit; aufgrund der oft solistischen Position im Orchester werden wir dir au\u00dferdem eine kurze Probestelle aus dem aktuellen Programm zur Vorbereitung zukommen lassen.<\/li>\n<\/ul>\n\n\n\n<div class=\"wp-block-group\"><div class=\"wp-block-group__inner-container is-layout-constrained wp-block-group-is-layout-constrained\">\n<h3 class=\"wp-block-heading\">Impressionen aus zur\u00fcckliegenden Konzerten<\/h3>\n\n\n\n<div class=\"wp-block-buttons is-layout-flex wp-block-buttons-is-layout-flex\">\n<div class=\"wp-block-button\"><a class=\"wp-block-button__link wp-element-button\" href=\"https:\/\/studentenphilharmonie.de\/index.php\/bildergalerie\">Bildergalerie<\/a><\/div>\n\n\n\n<div class=\"wp-block-button\"><a class=\"wp-block-button__link wp-element-button\" href=\"https:\/\/studentenphilharmonie.de\/index.php\/konzertausschnitte-und-hoerproben\/\">Konzertausschnitte und -h\u00f6rproben<\/a><\/div>\n<\/div>\n<\/div><\/div>\n\n\n\n<div class=\"wp-block-group d-none\"><div class=\"wp-block-group__inner-container is-layout-constrained wp-block-group-is-layout-constrained\">\n<h2 class=\"wp-block-heading\">Konzertmeister:in gesucht<\/h2>\n\n\n\n<p>Die Studentenphilharmonie T\u00fcbingen sucht langfristig (mindestens f\u00fcr einige Semester) eine:n Konzertmeister:in. Weitere Informationen zu den Modalit\u00e4ten sind in der Ausschreibung zu finden.<\/p>\n\n\n\n<div class=\"wp-block-buttons d-none is-layout-flex wp-block-buttons-is-layout-flex\">\n<div class=\"wp-block-button\"><a class=\"wp-block-button__link wp-element-button\" href=\"https:\/\/studentenphilharmonie.de\/wp-content\/uploads\/2024\/07\/Ausschreibung-Amt-Konzertmeister.pdf\" target=\"_blank\" rel=\"noreferrer noopener\">Ausschreibung<\/a><\/div>\n<\/div>\n<\/div><\/div>\n","protected":false},"excerpt":{"rendered":"<p>Verst\u00e4rkung gesucht f\u00fcr das Sommersemester 2026 F\u00fcr das kommende Semester suchen wir Verst\u00e4rkung. Bei den Bl\u00e4sern ist eine Posaune neu zu besetzen. Bei den Streicher suchen wir neue Mitspieler:innen insbesondere bei den Bratschen und Kontrab\u00e4ssen, aber auch bei Violinen undCelli. F\u00fcr das kommende Semester suchen wir Verst\u00e4rkung in allen Stimmgruppen, insbesondere bei den Violinen, Bratschen, Celli und Kontrab\u00e4ssen. F\u00fcr das kommende Semester suchen wir bei den Streichern Verst\u00e4rkung in allen Stimmgruppen, insbesondere bei den Bratschen und Kontrab\u00e4ssen aber auch bei den Geigen. Lust mitzuspielen? Die Studentenphilharmonie freut sich immer \u00fcber neue Mitglieder! Schick uns einfach eine E-Mail an mitspielen@studentenphilharmonie.de, um einen Vorspieltermin auszumachen. Ein kurzes Vorspiel soll uns helfen, das jeweilige instrumentale Niveau in Bezug auf das oft anspruchsvolle Programm einsch\u00e4tzen zu k\u00f6nnen. Die Vorspiele finden immer zu Beginn des Semesters kurz vor der Kennenlernprobe statt. Wie laufen die Vorspiele ab? Konzertmeister:in gesucht Die Studentenphilharmonie T\u00fcbingen sucht langfristig (mindestens f\u00fcr&hellip;<\/p>\n<p> <a class=\"more-link\" href=\"https:\/\/studentenphilharmonie.de\/index.php\/mitspielen\/\">Weiterlesen<\/a><\/p>\n","protected":false},"author":1,"featured_media":367,"parent":0,"menu_order":0,"comment_status":"closed","ping_status":"closed","template":"","meta":{"_acf_changed":false,"footnotes":""},"class_list":["post-257","page","type-page","status-publish","has-post-thumbnail"],"acf":[],"_links":{"self":[{"href":"https:\/\/studentenphilharmonie.de\/index.php\/wp-json\/wp\/v2\/pages\/257","targetHints":{"allow":["GET"]}}],"collection":[{"href":"https:\/\/studentenphilharmonie.de\/index.php\/wp-json\/wp\/v2\/pages"}],"about":[{"href":"https:\/\/studentenphilharmonie.de\/index.php\/wp-json\/wp\/v2\/types\/page"}],"author":[{"embeddable":true,"href":"https:\/\/studentenphilharmonie.de\/index.php\/wp-json\/wp\/v2\/users\/1"}],"replies":[{"embeddable":true,"href":"https:\/\/studentenphilharmonie.de\/index.php\/wp-json\/wp\/v2\/comments?post=257"}],"version-history":[{"count":47,"href":"https:\/\/studentenphilharmonie.de\/index.php\/wp-json\/wp\/v2\/pages\/257\/revisions"}],"predecessor-version":[{"id":3333,"href":"https:\/\/studentenphilharmonie.de\/index.php\/wp-json\/wp\/v2\/pages\/257\/revisions\/3333"}],"wp:featuredmedia":[{"embeddable":true,"href":"https:\/\/studentenphilharmonie.de\/index.php\/wp-json\/wp\/v2\/media\/367"}],"wp:attachment":[{"href":"https:\/\/studentenphilharmonie.de\/index.php\/wp-json\/wp\/v2\/media?parent=257"}],"curies":[{"name":"wp","href":"https:\/\/api.w.org\/{rel}","templated":true}]}}