{"id":2523,"date":"2024-10-16T00:40:17","date_gmt":"2024-10-15T22:40:17","guid":{"rendered":"https:\/\/studentenphilharmonie.de\/?page_id=2523"},"modified":"2024-10-17T20:56:14","modified_gmt":"2024-10-17T18:56:14","slug":"kompositionspreis","status":"publish","type":"page","link":"https:\/\/studentenphilharmonie.de\/index.php\/kompositionspreis\/","title":{"rendered":"Kompositionspreis"},"content":{"rendered":"\n<p>Die Studentenphilharmonie schreibt jedes Semester einen Kompositionspreis aus. Gesucht sind Kompositionen, die noch nirgends uraufgef\u00fchrt wurden und einem breiten Publikum vorgestellt werden sollen.<\/p>\n\n\n\n<h2 class=\"wp-block-heading\">Rahmenbedigungen f\u00fcr die Urauff\u00fchrung<\/h2>\n\n\n\n<ul class=\"wp-block-list\">\n<li>Dauer: ca. 7 Minuten<\/li>\n\n\n\n<li>Schwierigkeitsgrad: mittel<\/li>\n\n\n\n<li>Besetzung: 2222-4331-11-98552 (im Falle der Streicher handelt es sich um Richtwerte)<\/li>\n\n\n\n<li>Frist der Einreichung f\u00fcr das&#8230;\n<ul class=\"wp-block-list\">\n<li>&#8230; Sommersemester: 01.02. eines jeden Jahres<\/li>\n\n\n\n<li>&#8230; Wintersemester: 01.08. eines jeden Jahres<\/li>\n<\/ul>\n<\/li>\n\n\n\n<li>Format der Einreichung: Partitur als PDF und Aufnahme im MIDI-Format<\/li>\n<\/ul>\n\n\n\n<h2 class=\"wp-block-heading\">Auswahl, Ver\u00f6ffentlichung und Auff\u00fchrung<\/h2>\n\n\n\n<p>Unter allen Einreichungen wird ein Werk mit dem Kompositionspreis in Form einer Urkunde ausgezeichnet. <\/p>\n\n\n\n<p>Das Werk und der Name des Komponisten wird im Rahmen unserer Ank\u00fcndigungen und Werbung f\u00fcr 2 bis 3 \u00f6ffentlichen Konzerte auf unserer Webseite, in Veranstaltungskalendern, in der Presse und in sozialen Netzwerken publiziert. Bei der Urauff\u00fchung des Werks in unseren Konzerten hat die Studentenphilharmonie T\u00fcbingen das Recht, Audio- und Video-Aufnahmen anzufertigen und das Material weiterzuverwenden.<\/p>\n","protected":false},"excerpt":{"rendered":"<p>Die Studentenphilharmonie schreibt jedes Semester einen Kompositionspreis aus. Gesucht sind Kompositionen, die noch nirgends uraufgef\u00fchrt wurden und einem breiten Publikum vorgestellt werden sollen. Rahmenbedigungen f\u00fcr die Urauff\u00fchrung Auswahl, Ver\u00f6ffentlichung und Auff\u00fchrung Unter allen Einreichungen wird ein Werk mit dem Kompositionspreis in Form einer Urkunde ausgezeichnet. Das Werk und der Name des Komponisten wird im Rahmen unserer Ank\u00fcndigungen und Werbung f\u00fcr 2 bis 3 \u00f6ffentlichen Konzerte auf unserer Webseite, in Veranstaltungskalendern, in der Presse und in sozialen Netzwerken publiziert. Bei der Urauff\u00fchung des Werks in unseren Konzerten hat die Studentenphilharmonie T\u00fcbingen das Recht, Audio- und Video-Aufnahmen anzufertigen und das Material weiterzuverwenden.<\/p>\n","protected":false},"author":20,"featured_media":2524,"parent":0,"menu_order":0,"comment_status":"closed","ping_status":"closed","template":"","meta":{"_acf_changed":false,"footnotes":""},"class_list":["post-2523","page","type-page","status-publish","has-post-thumbnail"],"acf":[],"_links":{"self":[{"href":"https:\/\/studentenphilharmonie.de\/index.php\/wp-json\/wp\/v2\/pages\/2523","targetHints":{"allow":["GET"]}}],"collection":[{"href":"https:\/\/studentenphilharmonie.de\/index.php\/wp-json\/wp\/v2\/pages"}],"about":[{"href":"https:\/\/studentenphilharmonie.de\/index.php\/wp-json\/wp\/v2\/types\/page"}],"author":[{"embeddable":true,"href":"https:\/\/studentenphilharmonie.de\/index.php\/wp-json\/wp\/v2\/users\/20"}],"replies":[{"embeddable":true,"href":"https:\/\/studentenphilharmonie.de\/index.php\/wp-json\/wp\/v2\/comments?post=2523"}],"version-history":[{"count":5,"href":"https:\/\/studentenphilharmonie.de\/index.php\/wp-json\/wp\/v2\/pages\/2523\/revisions"}],"predecessor-version":[{"id":2538,"href":"https:\/\/studentenphilharmonie.de\/index.php\/wp-json\/wp\/v2\/pages\/2523\/revisions\/2538"}],"wp:featuredmedia":[{"embeddable":true,"href":"https:\/\/studentenphilharmonie.de\/index.php\/wp-json\/wp\/v2\/media\/2524"}],"wp:attachment":[{"href":"https:\/\/studentenphilharmonie.de\/index.php\/wp-json\/wp\/v2\/media?parent=2523"}],"curies":[{"name":"wp","href":"https:\/\/api.w.org\/{rel}","templated":true}]}}