{"id":2442,"date":"2024-07-21T00:13:42","date_gmt":"2024-07-20T22:13:42","guid":{"rendered":"https:\/\/studentenphilharmonie.de\/?page_id=2442"},"modified":"2024-07-21T00:26:56","modified_gmt":"2024-07-20T22:26:56","slug":"programm-sommersemester-2024","status":"publish","type":"page","link":"https:\/\/studentenphilharmonie.de\/index.php\/programmarchiv\/programm-sommersemester-2024\/","title":{"rendered":"Programm Sommersemester 2024"},"content":{"rendered":"\n<p>Foto: <a href=\"https:\/\/www.gabrieleb\u00f6hm.de\/\" target=\"_blank\" rel=\"noopener\">Dr. Gabriele B\u00f6hm<\/a><\/p>\n\n\n\n<p>Im Sommersemester 2024 standen folgende St\u00fccke auf dem Programm:<\/p>\n\n\n\n<ul class=\"wp-block-list\" id=\"block-a9d9ddf0-5d0c-49e1-ad80-cf4c207ad3e2\">\n<li>Pjotr Iljitsch <strong>Tschaikowski: Violinkonzert<\/strong>, Violine: <a href=\"https:\/\/studentenphilharmonie.de\/index.php\/ueber-uns\/#Martina-Trumpp\">Martina Trumpp<\/a><\/li>\n<\/ul>\n\n\n\n<blockquote class=\"wp-block-quote is-layout-flow wp-block-quote-is-layout-flow\">\n<p id=\"block-167b82df-7094-4f73-bbab-eb904a2b1a42\">Das <strong>Violinkonzert <a href=\"https:\/\/de.wikipedia.org\/wiki\/D-Dur\" target=\"_blank\" rel=\"noopener\">D-Dur<\/a> op. 35<\/strong> ist das einzige <a href=\"https:\/\/de.wikipedia.org\/wiki\/Violinkonzert\" target=\"_blank\" rel=\"noopener\">Violinkonzert<\/a> des russischen Komponisten <a href=\"https:\/\/de.wikipedia.org\/wiki\/Pjotr_Iljitsch_Tschaikowski\" target=\"_blank\" rel=\"noopener\">Pjotr Iljitsch Tschaikowski<\/a>. Es z\u00e4hlt zu den bekanntesten und meistgespielten Violinkonzerten.<\/p>\n\n\n\n<p id=\"block-fbfbe141-d931-4e8e-aa90-0a245e273ed5\">Tschaikowski schrieb das Konzert im M\u00e4rz und April des Jahres 1878 in <a href=\"https:\/\/de.wikipedia.org\/wiki\/Clarens_VD\" target=\"_blank\" rel=\"noopener\">Clarens<\/a>, einem am <a href=\"https:\/\/de.wikipedia.org\/wiki\/Genfersee\" target=\"_blank\" rel=\"noopener\">Genfersee<\/a> gelegenen Winzerort. Dort erholte er sich von einer Depression und einem schweren Nervenzusammenbruch, der durch seine ungl\u00fcckliche Ehe mit der Konservatoriumsstudentin Antonina Miljukova und aufgrund der Unterdr\u00fcckung seiner Homosexualit\u00e4t ausgel\u00f6st worden war. Die positive Wirkung seines Aufenthaltes schlug sich im Konzert nieder, in dem sich neu gewonnene Lebensfreude manifestierte.<sup><a href=\"https:\/\/de.wikipedia.org\/wiki\/Violinkonzert_(Tschaikowski)#cite_note-1\" target=\"_blank\" rel=\"noopener\">[1]<\/a><\/sup><\/p>\n\n\n\n<p id=\"block-ba8f42bd-a0aa-428f-82ad-81542e0dfc3e\">Unterst\u00fctzt wurde Tschaikowski, der selbst kein praktizierender Violinspieler war, vom Geiger <a href=\"https:\/\/de.wikipedia.org\/wiki\/Josef_Kotek\" target=\"_blank\" rel=\"noopener\">Josef Kotek<\/a>, Tschaikowskis einstigem Kompositionssch\u00fcler. Die Kompositionsarbeiten waren nach drei Wochen abgeschlossen, obwohl Tschaikowski den urspr\u00fcnglich geplanten Mittelsatz durch das als \u201eCanzonetta\u201c bekannte Andante ersetzte. Aus dem urspr\u00fcnglich geplanten Mittelsatz wurde sp\u00e4ter die <em>M\u00e9ditation f\u00fcr Klavier und Violine op.&nbsp;42<\/em>.&#8220;Quelle: <a href=\"https:\/\/de.wikipedia.org\/wiki\/Violinkonzert_(Tschaikowski)\" target=\"_blank\" rel=\"noreferrer noopener\">Wikipedia: Violinkonzert (Tschaikowski)<\/a><\/p>\n<\/blockquote>\n\n\n\n<ul class=\"wp-block-list\" id=\"block-cbc58c4f-ccc8-48a1-83ec-b2f6b3a39bcb\">\n<li>Anton\u00edn Leopold <strong>Dvo\u0159\u00e1k: 9. Sinfonie<\/strong><\/li>\n<\/ul>\n\n\n\n<blockquote class=\"wp-block-quote is-layout-flow wp-block-quote-is-layout-flow\">\n<p id=\"block-7c757377-09a8-4950-ae1d-e226bb2fea6e\">Die <strong>9. Sinfonie e-Moll op. 95<\/strong> (<a href=\"https:\/\/de.wikipedia.org\/wiki\/Burghauser-Katalog\" target=\"_blank\" rel=\"noopener\">B<\/a> 178) <a href=\"https:\/\/de.wikipedia.org\/wiki\/Anton%C3%ADn_Dvo%C5%99%C3%A1k\" target=\"_blank\" rel=\"noopener\">Anton\u00edn Dvo\u0159\u00e1ks<\/a> tr\u00e4gt den Namen <strong>Aus der Neuen Welt<\/strong> <em>(Z&nbsp;nov\u00e9ho sv\u011bta)<\/em>, da sie von Dvo\u0159\u00e1ks dreij\u00e4hrigem <a href=\"https:\/\/de.wikipedia.org\/wiki\/USA\" target=\"_blank\" rel=\"noopener\">Amerika<\/a>-Aufenthalt inspiriert wurde. Sie wurde zu Lebzeiten des K\u00fcnstlers als seine 5.&nbsp;Sinfonie bekannt und z\u00e4hlt heutzutage zu seinen beliebtesten und meistgespielten <a href=\"https:\/\/de.wikipedia.org\/wiki\/Orchester\" target=\"_blank\" rel=\"noopener\">Orchester<\/a>werken. [&#8230;]<\/p>\n\n\n\n<p id=\"block-4dd42e2f-0a62-4fb9-9902-353d367e2647\">Als Anton\u00edn Dvo\u0159\u00e1k 1892 amerikanischen Boden betrat, um der <a href=\"https:\/\/de.wikipedia.org\/wiki\/Berufung_(Amt)\" target=\"_blank\" rel=\"noopener\">Berufung<\/a> zum Direktor des <em>National Conservatory of Music of America<\/em> Folge zu leisten, war er bereits ein weltbekannter <a href=\"https:\/\/de.wikipedia.org\/wiki\/Komponist\" target=\"_blank\" rel=\"noopener\">Komponist<\/a>. Seinen Ruhm begr\u00fcndete er mit den Kompositionen <em>Die Erben des Wei\u00dfen Berges<\/em> (1872), fr\u00fcheren Sinfonien, den <em>M\u00e4hrischen Duetten<\/em> und den <em><a href=\"https:\/\/de.wikipedia.org\/wiki\/Slawische_T%C3%A4nze\" target=\"_blank\" rel=\"noopener\">Slawischen T\u00e4nzen<\/a><\/em>. Es war daher nicht verwunderlich, dass <a href=\"https:\/\/de.wikipedia.org\/wiki\/Jeannette_Thurber\" target=\"_blank\" rel=\"noopener\">Jeannette Thurber<\/a>, die Witwe eines wohlhabenden Kaufmanns und Mitbegr\u00fcnderin des New Yorker Instituts, ihm diesen lukrativen und prestigetr\u00e4chtigen Posten anbot.<\/p>\n\n\n\n<p id=\"block-7d9fc381-b4fc-4077-a14f-aa144c0d1702\">Mit der 9. Sinfonie, die w\u00e4hrend seines dreij\u00e4hrigen Amerika-Aufenthaltes entstand, schuf Dvo\u0159\u00e1k sein wohl popul\u00e4rstes sinfonisches Werk. Obwohl Dvo\u0159\u00e1k als <a href=\"https:\/\/de.wikipedia.org\/wiki\/Dirigent\" target=\"_blank\" rel=\"noopener\">Dirigent<\/a> und Lehrer die Aufgabe \u00fcbernommen hatte, eine junge Musikergeneration heranzubilden, die einen national-amerikanischen Musikstil entwickeln sollte, ist seine 9.&nbsp;Sinfonie keinesfalls amerikanische Musik. In einem Zeitungsinterview erkl\u00e4rte er seine Vorgehensweise:<\/p>\n\n\n\n<blockquote class=\"wp-block-quote is-layout-flow wp-block-quote-is-layout-flow\">\n<p id=\"block-f19a1a81-185c-4bec-ae49-5eb0a26c8b67\">\u201cI [\u2026] carefully studied a certain number of Indian melodies which a friend gave me, and became thoroughly imbued with their characteristics \u2013 with their spirit, in fact. It is this spirit which I have tried to reproduce in my new Symphony, I have not actually used any of the melodies. I have simply written original themes embodying the peculiarities of the Indian music, and, using these themes as subjects, have developed them with all the resources of modern rhythms, harmony, counterpoint and orchestral color. [\u2026]<br>Now, I found that the music of the Negroes and of the Indians was practically identical.\u201d<\/p>\n<\/blockquote>\n\n\n\n<blockquote class=\"wp-block-quote is-layout-flow wp-block-quote-is-layout-flow\">\n<p id=\"block-8a4ec571-7698-4e44-a136-2eb27e9bc762\">\u201eIch studierte sorgf\u00e4ltig eine gewisse Zahl Indianischer Melodien, die mir ein Freund gab, und wurde g\u00e4nzlich durchtr\u00e4nkt von ihren Eigenschaften \u2013 vielmehr ihrem Geiste. Diesen Geist habe ich in meiner neuen Sinfonie zu reproduzieren versucht, ohne die Melodien tats\u00e4chlich zu verwenden. Ich habe schlichtweg origin\u00e4re Themen geschrieben, welche die Eigenheiten der Indianischen Musik verk\u00f6rpern, und mit den Mitteln moderner Rhythmen, Harmonie, Kontrapunkt und orchestraler Farbe entwickelt. [\u2026]<br>Nun, ich stellte fest, dass die Musik der Schwarzen und die der Indianer praktisch identisch war.\u201c<\/p>\n<\/blockquote>\n\n\n\n<p id=\"block-5ae624ea-b941-4846-81cc-c3054e80b570\">\u2013 Anton\u00edn Dvo\u0159\u00e1k<sup><a href=\"https:\/\/de.wikipedia.org\/wiki\/9._Sinfonie_(Dvo%C5%99%C3%A1k)#cite_note-1\" target=\"_blank\" rel=\"noopener\">[1]<\/a><\/sup><\/p>\n\n\n\n<p id=\"block-4dd8f24b-6010-4f03-a420-e0e899aa0c68\">Der letzte Satz illustriert, dass Dvo\u0159\u00e1ks Kenntnis authentischer Musik von Indianern und Schwarzen nicht sehr tiefgehend gewesen sein kann. Die Einfl\u00fcsse sind dennoch in verschiedenen harmonischen und rhythmischen Eigenheiten der Sinfonie erkennbar. So basiert die <a href=\"https:\/\/de.wikipedia.org\/wiki\/Englischhorn\" target=\"_blank\" rel=\"noopener\">Englischhorn<\/a>-Melodie des 2.&nbsp;Satzes auf der halbtonlosen f\u00fcnft\u00f6nigen Skala der <a href=\"https:\/\/de.wikipedia.org\/wiki\/Pentatonik\" target=\"_blank\" rel=\"noopener\">Pentatonik<\/a>, die in der Musik der Indianer gebr\u00e4uchlich war. (Wichtiger ist aber die gro\u00dfe Rolle, die <a href=\"https:\/\/de.wikipedia.org\/wiki\/Henry_Wadsworth_Longfellow\" target=\"_blank\" rel=\"noopener\">Longfellows<\/a> <a href=\"https:\/\/de.wikipedia.org\/wiki\/Das_Lied_von_Hiawatha\" target=\"_blank\" rel=\"noopener\">Dichtung \u00fcber Hiawatha<\/a> \u2013&nbsp;das ist der H\u00e4uptling, der den Irokesen-Bund der Indianer begr\u00fcndete&nbsp;\u2013 in der Sinfonie spielt, siehe unten.) Rhythmisch fallen auch die f\u00fcr <a href=\"https:\/\/de.wikipedia.org\/wiki\/Spiritual_(Musik)\" target=\"_blank\" rel=\"noopener\">Spirituals<\/a> typischen <a href=\"https:\/\/de.wikipedia.org\/wiki\/Synkope_(Musik)\" target=\"_blank\" rel=\"noopener\">Synkopen<\/a> auf (1.&nbsp;und 3. Hauptthema des 1.&nbsp;Satzes). Daneben zeigt sich unverkennbar der b\u00f6hmische Musiker mit seiner in der heimatlichen Volksmusik verwurzelten Tonsprache, wie z.&nbsp;B. beim gem\u00fctvollen <a href=\"https:\/\/de.wikipedia.org\/wiki\/L%C3%A4ndler\" target=\"_blank\" rel=\"noopener\">L\u00e4ndler<\/a> des Scherzo-Trios.<\/p>\n\n\n\n<p id=\"block-314851ec-17ba-4380-9b6c-5c5b118c8b05\">Die Themen der <a href=\"https:\/\/de.wikipedia.org\/wiki\/Ecksatz\" target=\"_blank\" rel=\"noopener\">Ecks\u00e4tze<\/a> sind kurz und pr\u00e4gnant und der oben erw\u00e4hnten Grundkonzeption <a href=\"https:\/\/de.wikipedia.org\/wiki\/Zyklus_(Musik)\" target=\"_blank\" rel=\"noopener\">zyklisch<\/a> untergeordnet: Das 1.&nbsp;Hauptthema des 1.&nbsp;Satzes erscheint in allen folgenden S\u00e4tzen. Im Finale sind au\u00dferdem die Hauptthemen des 2. und 3. Satzes andeutungsweise verarbeitet.&#8220;Quelle: <a href=\"https:\/\/de.wikipedia.org\/wiki\/9._Sinfonie_(Dvo%C5%99%C3%A1k)\" target=\"_blank\" rel=\"noreferrer noopener\">Wikipedia: 9. Sinfonie (Dvo\u0159\u00e1k)<\/a><\/p>\n<\/blockquote>\n\n\n\n<ul class=\"wp-block-list\" id=\"block-4235a09a-50d7-4b24-8996-659e3e8c6632\">\n<li>Anton\u00edn Leopold <strong>Dvo\u0159\u00e1k: Othello Ouvert\u00fcre<\/strong><\/li>\n<\/ul>\n\n\n\n<blockquote class=\"wp-block-quote is-layout-flow wp-block-quote-is-layout-flow\">\n<p id=\"block-5189ca30-1121-449e-afba-54d116c48ef1\">&#8222;Bewahrt Euch, Herr, vor Eifersucht, dem gr\u00fcnge\u00e4ugten Scheusal, das besudelt die Speise, die es n\u00e4hrt.&#8220; Zitat Shakespeare. Aus Othello, jener Trag\u00f6die, in der die Eifersucht auf die Spitze getrieben wird. Othello ist am Ende so rasend vor Eifersucht, dass er seine Frau umbringt. Nur um festzustellen, dass er einer Intrige seines Gegenspielers Jago auf den Leim gegangen ist und sich daraufhin selbst t\u00f6tet.<\/p>\n\n\n\n<p id=\"block-a56b2278-ca6f-4ffb-a4dd-f2b2d16af61d\">Die Liebe in ihren dunkelsten Formen. Und ein Stoff, den die Geschichtenerz\u00e4hler von heute vermutlich in einer epischen Netflix-Serie auf unz\u00e4hlige Staffeln ausbreiten w\u00fcrden. Den Soundtrack jedenfalls gibt es schon. Anton\u00edn Dvo\u0159\u00e1k hat ihn in den 1890ern komponiert: Die Konzertouvert\u00fcre Othello.<\/p>\n\n\n\n<p id=\"block-9c95d6de-d304-4ccc-af58-47da93976cc5\">[&#8230;]<\/p>\n\n\n\n<p id=\"block-536ebcfb-bf62-46c5-8cd9-5b5f13494d8a\">Shakespeare treibt seinen Othello in einen regelrechten Eifersuchtswahn. Und beschreibt damit ein Krankheitsbild, das man heute auch als Othello-Syndrom bezeichnet. Die wahnhafte \u00dcberzeugung von der Untreue des Lebenspartners. Dvo\u0159\u00e1k hat diesen Wahn in Musik gegossen. Und erz\u00e4hlt damit viel mehr als eine Geschichte.&#8220;Quelle: <a href=\"https:\/\/detektor.fm\/musik\/saitenwechsel-antonin-dvorak-othello\" target=\"_blank\" rel=\"noreferrer noopener\">Saitenwechsel Anton\u00edn Dvo\u0159\u00e1k &#8211; Othello detektor.fm<\/a><\/p>\n<\/blockquote>\n\n\n\n<ul class=\"wp-block-list\">\n<li>Athanasios Natsis: Eyes of Pain, Urauff\u00fchrung<\/li>\n<\/ul>\n\n\n\n<div class=\"wp-block-buttons d-none is-layout-flex wp-block-buttons-is-layout-flex\">\n<div class=\"wp-block-button d-none\"><a class=\"wp-block-button__link wp-element-button\" href=\"https:\/\/studentenphilharmonie.de\/wp-content\/uploads\/2024\/07\/Programmheft-SoSe24-Tuebingen.pdf\" target=\"_blank\" rel=\"noreferrer noopener\">Programmheft<\/a><\/div>\n<\/div>\n\n\n<div class=\"wp-block-image\">\n<figure class=\"aligncenter\" id=\"block-5401fd73-3011-4fcf-8e8b-cd33865f6adf\"><a href=\"https:\/\/studentenphilharmonie.de\/wp-content\/uploads\/2024\/05\/konzert-sose-24.jpg\"><img decoding=\"async\" src=\"https:\/\/studentenphilharmonie.de\/wp-content\/uploads\/2024\/05\/konzert-sose-24600.jpg\" alt=\"Dieses Bild hat ein leeres Alt-Attribut. Der Dateiname ist konzert-sose-24600.jpg\"\/><\/a><figcaption class=\"wp-element-caption\">Programm Sommersemester 2024<\/figcaption><\/figure>\n<\/div>\n\n\n<div class=\"wp-block-buttons is-layout-flex wp-block-buttons-is-layout-flex\">\n<div class=\"wp-block-button\"><a class=\"wp-block-button__link wp-element-button\" href=\"https:\/\/studentenphilharmonie.de\/index.php\/programmarchiv\/\">Programmarchiv vergangener Konzerte<\/a><\/div>\n<\/div>\n","protected":false},"excerpt":{"rendered":"<p>Foto: Dr. Gabriele B\u00f6hm Im Sommersemester 2024 standen folgende St\u00fccke auf dem Programm: Das Violinkonzert D-Dur op. 35 ist das einzige Violinkonzert des russischen Komponisten Pjotr Iljitsch Tschaikowski. Es z\u00e4hlt zu den bekanntesten und meistgespielten Violinkonzerten. Tschaikowski schrieb das Konzert im M\u00e4rz und April des Jahres 1878 in Clarens, einem am Genfersee gelegenen Winzerort. Dort erholte er sich von einer Depression und einem schweren Nervenzusammenbruch, der durch seine ungl\u00fcckliche Ehe mit der Konservatoriumsstudentin Antonina Miljukova und aufgrund der Unterdr\u00fcckung seiner Homosexualit\u00e4t ausgel\u00f6st worden war. Die positive Wirkung seines Aufenthaltes schlug sich im Konzert nieder, in dem sich neu gewonnene Lebensfreude manifestierte.[1] Unterst\u00fctzt wurde Tschaikowski, der selbst kein praktizierender Violinspieler war, vom Geiger Josef Kotek, Tschaikowskis einstigem Kompositionssch\u00fcler. Die Kompositionsarbeiten waren nach drei Wochen abgeschlossen, obwohl Tschaikowski den urspr\u00fcnglich geplanten Mittelsatz durch das als \u201eCanzonetta\u201c bekannte Andante ersetzte. Aus dem urspr\u00fcnglich geplanten Mittelsatz wurde sp\u00e4ter die M\u00e9ditation f\u00fcr Klavier und Violine&hellip;<\/p>\n<p> <a class=\"more-link\" href=\"https:\/\/studentenphilharmonie.de\/index.php\/programmarchiv\/programm-sommersemester-2024\/\">Weiterlesen<\/a><\/p>\n","protected":false},"author":20,"featured_media":2427,"parent":870,"menu_order":0,"comment_status":"closed","ping_status":"closed","template":"","meta":{"_acf_changed":false,"footnotes":""},"class_list":["post-2442","page","type-page","status-publish","has-post-thumbnail"],"acf":[],"_links":{"self":[{"href":"https:\/\/studentenphilharmonie.de\/index.php\/wp-json\/wp\/v2\/pages\/2442","targetHints":{"allow":["GET"]}}],"collection":[{"href":"https:\/\/studentenphilharmonie.de\/index.php\/wp-json\/wp\/v2\/pages"}],"about":[{"href":"https:\/\/studentenphilharmonie.de\/index.php\/wp-json\/wp\/v2\/types\/page"}],"author":[{"embeddable":true,"href":"https:\/\/studentenphilharmonie.de\/index.php\/wp-json\/wp\/v2\/users\/20"}],"replies":[{"embeddable":true,"href":"https:\/\/studentenphilharmonie.de\/index.php\/wp-json\/wp\/v2\/comments?post=2442"}],"version-history":[{"count":3,"href":"https:\/\/studentenphilharmonie.de\/index.php\/wp-json\/wp\/v2\/pages\/2442\/revisions"}],"predecessor-version":[{"id":2448,"href":"https:\/\/studentenphilharmonie.de\/index.php\/wp-json\/wp\/v2\/pages\/2442\/revisions\/2448"}],"up":[{"embeddable":true,"href":"https:\/\/studentenphilharmonie.de\/index.php\/wp-json\/wp\/v2\/pages\/870"}],"wp:featuredmedia":[{"embeddable":true,"href":"https:\/\/studentenphilharmonie.de\/index.php\/wp-json\/wp\/v2\/media\/2427"}],"wp:attachment":[{"href":"https:\/\/studentenphilharmonie.de\/index.php\/wp-json\/wp\/v2\/media?parent=2442"}],"curies":[{"name":"wp","href":"https:\/\/api.w.org\/{rel}","templated":true}]}}