{"id":2156,"date":"2024-01-29T01:57:03","date_gmt":"2024-01-29T00:57:03","guid":{"rendered":"https:\/\/studentenphilharmonie.de\/?page_id=2156"},"modified":"2024-07-21T00:10:56","modified_gmt":"2024-07-20T22:10:56","slug":"programm-wintersemester-2023-2024","status":"publish","type":"page","link":"https:\/\/studentenphilharmonie.de\/index.php\/programmarchiv\/programm-wintersemester-2023-2024\/","title":{"rendered":"Programm Wintersemester 2023\/2024"},"content":{"rendered":"\n<p>Im Wintersemester 2023\/2024 standen folgende St\u00fccke auf dem Programm:<\/p>\n\n\n\n<div class=\"wp-block-group\"><div class=\"wp-block-group__inner-container is-layout-flow wp-block-group-is-layout-flow\">\n<ul class=\"wp-block-list\">\n<li>Nikolai Rimski-Korsakow: Scheherazade, Violine: Sebastian Fetzer<\/li>\n<\/ul>\n\n\n\n<blockquote class=\"wp-block-quote is-layout-flow wp-block-quote-is-layout-flow\">\n<p><strong>Scheherazade<\/strong> (<a href=\"https:\/\/de.wikipedia.org\/wiki\/Russische_Sprache\" target=\"_blank\" rel=\"noopener\">russisch<\/a> \u0428\u0435\u0445\u0435\u0440\u0430\u0437\u0430\u0301\u0434\u0430 <em>Schecherasada<\/em>), <a href=\"https:\/\/de.wikipedia.org\/wiki\/Opus_(Werk)\" target=\"_blank\" rel=\"noopener\">Opus<\/a> 35, ist eine <a href=\"https:\/\/de.wikipedia.org\/wiki\/Sinfonische_Dichtung\" target=\"_blank\" rel=\"noopener\">sinfonische Dichtung<\/a> von <a href=\"https:\/\/de.wikipedia.org\/wiki\/Nikolai_Rimski-Korsakow\" target=\"_blank\" rel=\"noopener\">Nikolai Rimski-Korsakow<\/a> aus dem Jahr 1888. Das Orchesterwerk, das auf der Erz\u00e4hlung <em><a href=\"https:\/\/de.wikipedia.org\/wiki\/Tausendundeine_Nacht\" target=\"_blank\" rel=\"noopener\">Tausendundeine Nacht<\/a><\/em> beruht, zeichnet sich durch zwei typische Merkmale der russischen Musik und speziell der Kompositionen von Rimski-Korsakow aus: eine farbenfrohe <a href=\"https:\/\/de.wikipedia.org\/wiki\/Instrumentation\" target=\"_blank\" rel=\"noopener\">Instrumentation<\/a> und ein im <a href=\"https:\/\/de.wikipedia.org\/wiki\/Russisches_Kaiserreich\" target=\"_blank\" rel=\"noopener\">russischen Reich<\/a> weit verbreitetes Interesse f\u00fcr alles <a href=\"https:\/\/de.wikipedia.org\/wiki\/Orientalismus_(Kunst)\" target=\"_blank\" rel=\"noopener\">Orientalische<\/a>. Die Komposition wurde am 28. Oktober 1888 in Sankt Petersburg unter der Leitung von Rimski-Korsakow uraufgef\u00fchrt.<sup><a href=\"https:\/\/de.wikipedia.org\/wiki\/Scheherazade_(Rimski-Korsakow)#cite_note-1\" target=\"_blank\" rel=\"noopener\">[1]<\/a><\/sup><\/p>\n<cite>Quelle: <a href=\"https:\/\/de.wikipedia.org\/wiki\/Scheherazade_(Rimski-Korsakow)\" target=\"_blank\" rel=\"noopener\">Wikipedia: Scheherazade (Rimski-Korsakow)<\/a><\/cite><\/blockquote>\n\n\n\n<blockquote class=\"wp-block-quote is-layout-flow wp-block-quote-is-layout-flow\">\n<p>Scheherazade ist in den M\u00e4rchen \u201eAus tausendundeiner Nacht\u201c der Name einer jungen Frau, die ihrer angedrohten Hinrichtung durch ihren Ehemann, den Sultan Schahriar, entgeht, indem sie ihm spannende Geschichten erz\u00e4hlt. Rimski-Korsakow greift diese Rahmenhandlung musikalisch auf. Im Spiel der Motive zeigt sich, wie Scheherazade ihre Figuren erfindet und den grausamen Sultan z\u00e4hmt.<\/p>\n\n\n\n<p>Zugleich ist \u201eScheherazade\u201c ein Paradest\u00fcck f\u00fcr Orchester, ein Schaulaufen virtuoser Solisten. In der Sendung reicht das Spektrum der Aufnahmen von Pierre Monteux, der als Dirigent der Ballets Russes im Paris des Jahres 1910 die Ballettfassung des St\u00fccks in der Choreographie von Michel Fokine aufgef\u00fchrt hatte, bis zu Jos van Immerseel, der auf historischen Instrumenten mit dem Orchester Anima Eterna vorgibt, dem \u201eOriginalklang\u201c auf der Spur zu sein.<\/p>\n<cite>Quelle: <a href=\"https:\/\/www.deutschlandfunkkultur.de\/nikolai-rimskij-korsakows-scheherazade-wo-liegt-der-orient-100.html\" target=\"_blank\" rel=\"noreferrer noopener\">Deutschlandfunk: Nikolai Rimskij-Korsakows \u201eScheherazade\u201c &#8211; Wo liegt der Orient?<\/a><\/cite><\/blockquote>\n\n\n\n<ul class=\"wp-block-list\">\n<li>Sergei Wassiljewitsch Rachmaninow: Rhapsodie \u00fcber ein Thema von Paganini, Klavier: <a href=\"https:\/\/studentenphilharmonie.de\/index.php\/ueber-uns#Jorge-Medina\">Jorge Medina<\/a> <\/li>\n<\/ul>\n\n\n\n<blockquote class=\"wp-block-quote is-layout-flow wp-block-quote-is-layout-flow\">\n<p>Die <strong>Rhapsodie \u00fcber ein Thema von Paganini<\/strong> schrieb der russische Komponist <a href=\"https:\/\/de.wikipedia.org\/wiki\/Sergei_Wassiljewitsch_Rachmaninow\" target=\"_blank\" rel=\"noopener\">Sergei Rachmaninow<\/a> im Sommer des Jahres 1934 innerhalb weniger Wochen in seiner <a href=\"https:\/\/de.wikipedia.org\/wiki\/Villa_Rachmaninow_(Senar)\" target=\"_blank\" rel=\"noopener\">Villa \u201eSenar\u201c<\/a> am Vierwaldst\u00e4ttersee. Sein Opus 43 wurde am 7. November 1934 in Baltimore mit Rachmaninow am Fl\u00fcgel und dem <a href=\"https:\/\/de.wikipedia.org\/wiki\/Philadelphia_Orchestra\" target=\"_blank\" rel=\"noopener\">Philadelphia Orchestra<\/a> unter <a href=\"https:\/\/de.wikipedia.org\/wiki\/Leopold_Stokowski\" target=\"_blank\" rel=\"noopener\">Leopold Stokowski<\/a> uraufgef\u00fchrt.<\/p>\n\n\n\n<p>Das St\u00fcck besteht aus 24 Variationen \u00fcber ein Thema, das <a href=\"https:\/\/de.wikipedia.org\/wiki\/Niccol%C3%B2_Paganini\" target=\"_blank\" rel=\"noopener\">Niccol\u00f2 Paganini<\/a> im letzten seiner 24 Capricci f\u00fcr Solovioline selbst als Ausgangspunkt einer Variationenfolge verwendet hatte. Immer wieder diente diese Melodie verschiedenen Komponisten als Vorlage, darunter auch <a href=\"https:\/\/de.wikipedia.org\/wiki\/Johannes_Brahms\" target=\"_blank\" rel=\"noopener\">Johannes Brahms<\/a> (<a href=\"https:\/\/de.wikipedia.org\/wiki\/Variationen_%C3%BCber_ein_Thema_von_Paganini_(Brahms)\" target=\"_blank\" rel=\"noopener\">Variationen \u00fcber ein Thema von Paganini (Brahms)<\/a>) und <a href=\"https:\/\/de.wikipedia.org\/wiki\/Franz_Liszt\" target=\"_blank\" rel=\"noopener\">Franz Liszt<\/a> (Grandes \u00e9tudes de Paganini). In einigen Variationen (besonders in Var. VII, X und XXIV) verwendet Rachmaninow eine weitere, viel \u00e4ltere Melodie: die Sequenz \u201e<a href=\"https:\/\/de.wikipedia.org\/wiki\/Dies_irae\" target=\"_blank\" rel=\"noopener\">Dies irae<\/a>\u201c, einst fester Bestandteil der lateinischen <a href=\"https:\/\/de.wikipedia.org\/wiki\/Requiem\" target=\"_blank\" rel=\"noopener\">Totenmesse<\/a>. Dieses Thema verwendete Rachmaninow immer wieder in seinen Werken. So erscheint es z.&nbsp;B. in allen Sinfonien, den Sinfonischen T\u00e4nzen, in der sinfonischen Dichtung <a href=\"https:\/\/de.wikipedia.org\/wiki\/Die_Toteninsel\" target=\"_blank\" rel=\"noopener\">Die Toteninsel<\/a>, in der ersten Klaviersonate.<\/p>\n\n\n\n<p>Die Kombination eines Paganini-Themas mit dem \u201eDies irae\u201c veranlasst zur Suche nach einem programmatischen Hintergrund des Werkes. Tats\u00e4chlich \u00e4u\u00dferte sich Rachmaninow in einem Brief an <a href=\"https:\/\/de.wikipedia.org\/wiki\/Michail_Fokine\" target=\"_blank\" rel=\"noopener\">Michail Fokine<\/a> zu einem Programm hinter der Musik: Der Legende nach verkaufte der gro\u00dfe Geiger seine Seele an den Teufel, um Perfektion auf seinem Instrument und die Liebe einer Frau zu erlangen. Das \u201eDies irae\u201c-Motiv steht dabei f\u00fcr den Teufel, das Paganini-Thema f\u00fcr den komponierenden Geiger selbst. Fokine erstellte auf dieser Basis gemeinsam mit Rachmaninow eine Ballett-Choreographie zur Rhapsodie, welche ebenfalls gro\u00dfen Erfolg hatte.<\/p>\n<cite>Quelle: <a href=\"https:\/\/de.wikipedia.org\/wiki\/Rhapsodie_%C3%BCber_ein_Thema_von_Paganini_(Rachmaninow)\" target=\"_blank\" rel=\"noopener\">Wikipedia: Rhapsodie \u00fcber ein Thema von Paganini (Rachmaninow)<\/a><\/cite><\/blockquote>\n\n\n\n<ul class=\"wp-block-list\">\n<li>Niccol\u00f2 Paganini: Capriccio Nr. 24, Violine: Yungi Kaneko<\/li>\n<\/ul>\n\n\n\n<blockquote class=\"wp-block-quote is-layout-flow wp-block-quote-is-layout-flow\">\n<p><strong>Caprice No. 24 in A minor<\/strong> is the final <a href=\"https:\/\/en.wikipedia.org\/wiki\/Capriccio_(music)\" target=\"_blank\" rel=\"noopener\">caprice<\/a> of <a href=\"https:\/\/en.wikipedia.org\/wiki\/Niccol%C3%B2_Paganini\" target=\"_blank\" rel=\"noopener\">Niccol\u00f2 Paganini<\/a>&#8217;s <a href=\"https:\/\/en.wikipedia.org\/wiki\/24_Caprices_for_Solo_Violin_(Paganini)\" target=\"_blank\" rel=\"noopener\">24 Caprices<\/a>, and a famous work for solo <a href=\"https:\/\/en.wikipedia.org\/wiki\/Violin\" target=\"_blank\" rel=\"noopener\">violin<\/a>. The caprice, in the key of <a href=\"https:\/\/en.wikipedia.org\/wiki\/A_minor\" target=\"_blank\" rel=\"noopener\">A minor<\/a>, consists of a <a href=\"https:\/\/en.wikipedia.org\/wiki\/Theme_(music)\" target=\"_blank\" rel=\"noopener\">theme<\/a>, 11 <a href=\"https:\/\/en.wikipedia.org\/wiki\/Variation_(music)\" target=\"_blank\" rel=\"noopener\">variations<\/a>, and a finale. His 24 Caprices were probably composed between 1802 and 1817, while he was in the service of the <a href=\"https:\/\/en.wikipedia.org\/wiki\/Elisa_Bonaparte\" target=\"_blank\" rel=\"noopener\">Baciocchi<\/a> court.<\/p>\n\n\n\n<p>It is widely considered one of the most difficult pieces ever written for the solo violin. It requires many highly advanced techniques such as <a href=\"https:\/\/en.wikipedia.org\/wiki\/Parallel_octaves\" target=\"_blank\" rel=\"noopener\">parallel octaves<\/a> and rapid shifting covering many <a href=\"https:\/\/en.wikipedia.org\/wiki\/Interval_(music)\" target=\"_blank\" rel=\"noopener\">intervals<\/a>, extremely fast <a href=\"https:\/\/en.wikipedia.org\/wiki\/Scale_(music)\" target=\"_blank\" rel=\"noopener\">scales<\/a> and <a href=\"https:\/\/en.wikipedia.org\/wiki\/Arpeggio\" target=\"_blank\" rel=\"noopener\">arpeggios<\/a> including <a href=\"https:\/\/en.wikipedia.org\/wiki\/Minor_scale\" target=\"_blank\" rel=\"noopener\">minor scales<\/a>, left hand <a href=\"https:\/\/en.wikipedia.org\/wiki\/Pizzicato\" target=\"_blank\" rel=\"noopener\">pizzicato<\/a>, high positions, and quick string crossings. Also, there are many <a href=\"https:\/\/en.wikipedia.org\/wiki\/Double_stop\" target=\"_blank\" rel=\"noopener\">double stops<\/a>, including thirds and tenths.<\/p>\n<cite>Quelle: <a href=\"https:\/\/en.wikipedia.org\/wiki\/Caprice_No.24(Paganini)\" target=\"_blank\" rel=\"noopener\">Wikipedia: Caprice No. 24 (Paganini)<\/a><\/cite><\/blockquote>\n\n\n\n<ul class=\"wp-block-list\">\n<li>Kyungjin Kim: Mind the Gap, Urauff\u00fchrung<\/li>\n<\/ul>\n\n\n\n<div class=\"wp-block-buttons is-layout-flex wp-block-buttons-is-layout-flex\">\n<div class=\"wp-block-button\"><a class=\"wp-block-button__link wp-element-button\" href=\"https:\/\/studentenphilharmonie.de\/index.php\/programmarchiv\/\">Programmarchiv vergangener Konzerte<\/a><\/div>\n<\/div>\n<\/div><\/div>\n\n\n\n<div style=\"height:50px\" aria-hidden=\"true\" class=\"wp-block-spacer\"><\/div>\n\n\n<div class=\"wp-block-image\">\n<figure class=\"aligncenter size-full\"><a href=\"https:\/\/studentenphilharmonie.de\/wp-content\/uploads\/2023\/12\/konzert-ws-23-24.png\"><img loading=\"lazy\" decoding=\"async\" width=\"424\" height=\"600\" src=\"https:\/\/studentenphilharmonie.de\/wp-content\/uploads\/2023\/12\/konzert-ws-23-24600.png\" alt=\"\" class=\"wp-image-2093\" srcset=\"https:\/\/studentenphilharmonie.de\/wp-content\/uploads\/2023\/12\/konzert-ws-23-24600.png 424w, https:\/\/studentenphilharmonie.de\/wp-content\/uploads\/2023\/12\/konzert-ws-23-24600-212x300.png 212w\" sizes=\"auto, (max-width: 424px) 100vw, 424px\" \/><\/a><figcaption class=\"wp-element-caption\">Programm Wintersemester 2024<\/figcaption><\/figure>\n<\/div>","protected":false},"excerpt":{"rendered":"<p>Im Wintersemester 2023\/2024 standen folgende St\u00fccke auf dem Programm: Scheherazade (russisch \u0428\u0435\u0445\u0435\u0440\u0430\u0437\u0430\u0301\u0434\u0430 Schecherasada), Opus 35, ist eine sinfonische Dichtung von Nikolai Rimski-Korsakow aus dem Jahr 1888. Das Orchesterwerk, das auf der Erz\u00e4hlung Tausendundeine Nacht beruht, zeichnet sich durch zwei typische Merkmale der russischen Musik und speziell der Kompositionen von Rimski-Korsakow aus: eine farbenfrohe Instrumentation und ein im russischen Reich weit verbreitetes Interesse f\u00fcr alles Orientalische. Die Komposition wurde am 28. Oktober 1888 in Sankt Petersburg unter der Leitung von Rimski-Korsakow uraufgef\u00fchrt.[1] Scheherazade ist in den M\u00e4rchen \u201eAus tausendundeiner Nacht\u201c der Name einer jungen Frau, die ihrer angedrohten Hinrichtung durch ihren Ehemann, den Sultan Schahriar, entgeht, indem sie ihm spannende Geschichten erz\u00e4hlt. Rimski-Korsakow greift diese Rahmenhandlung musikalisch auf. Im Spiel der Motive zeigt sich, wie Scheherazade ihre Figuren erfindet und den grausamen Sultan z\u00e4hmt. Zugleich ist \u201eScheherazade\u201c ein Paradest\u00fcck f\u00fcr Orchester, ein Schaulaufen virtuoser Solisten. In der Sendung reicht das Spektrum&hellip;<\/p>\n<p> <a class=\"more-link\" href=\"https:\/\/studentenphilharmonie.de\/index.php\/programmarchiv\/programm-wintersemester-2023-2024\/\">Weiterlesen<\/a><\/p>\n","protected":false},"author":20,"featured_media":2243,"parent":870,"menu_order":0,"comment_status":"closed","ping_status":"closed","template":"","meta":{"_acf_changed":false,"footnotes":""},"class_list":["post-2156","page","type-page","status-publish","has-post-thumbnail"],"acf":[],"_links":{"self":[{"href":"https:\/\/studentenphilharmonie.de\/index.php\/wp-json\/wp\/v2\/pages\/2156","targetHints":{"allow":["GET"]}}],"collection":[{"href":"https:\/\/studentenphilharmonie.de\/index.php\/wp-json\/wp\/v2\/pages"}],"about":[{"href":"https:\/\/studentenphilharmonie.de\/index.php\/wp-json\/wp\/v2\/types\/page"}],"author":[{"embeddable":true,"href":"https:\/\/studentenphilharmonie.de\/index.php\/wp-json\/wp\/v2\/users\/20"}],"replies":[{"embeddable":true,"href":"https:\/\/studentenphilharmonie.de\/index.php\/wp-json\/wp\/v2\/comments?post=2156"}],"version-history":[{"count":7,"href":"https:\/\/studentenphilharmonie.de\/index.php\/wp-json\/wp\/v2\/pages\/2156\/revisions"}],"predecessor-version":[{"id":2443,"href":"https:\/\/studentenphilharmonie.de\/index.php\/wp-json\/wp\/v2\/pages\/2156\/revisions\/2443"}],"up":[{"embeddable":true,"href":"https:\/\/studentenphilharmonie.de\/index.php\/wp-json\/wp\/v2\/pages\/870"}],"wp:featuredmedia":[{"embeddable":true,"href":"https:\/\/studentenphilharmonie.de\/index.php\/wp-json\/wp\/v2\/media\/2243"}],"wp:attachment":[{"href":"https:\/\/studentenphilharmonie.de\/index.php\/wp-json\/wp\/v2\/media?parent=2156"}],"curies":[{"name":"wp","href":"https:\/\/api.w.org\/{rel}","templated":true}]}}